{"id":74,"date":"2019-07-03T14:38:16","date_gmt":"2019-07-03T14:38:16","guid":{"rendered":"http:\/\/classic42.dev.shake.be\/?page_id=74"},"modified":"2019-09-23T14:47:52","modified_gmt":"2019-09-23T14:47:52","slug":"politique-de-vie-privee","status":"publish","type":"page","link":"https:\/\/classic42.be\/fr\/politique-de-vie-privee\/","title":{"rendered":"Vie priv\u00e9e et mentions l\u00e9gales"},"content":{"rendered":"\n<p>En utilisant ce site, vous consentez \u00e0 l\u2019utilisation des cookies. Les  cookies sont de petites quantit\u00e9s d\u2019informations stock\u00e9es dans des fichiers au sein m\u00eame du navigateur de votre ordinateur. Ils sont accessibles et enregistr\u00e9s par les sites internet que vous consultez, et par les soci\u00e9t\u00e9s qui affichent leurs annonces publicitaires sur des sites internet, pour qu\u2019ils puissent reconna\u00eetre le navigateur. Les sites Internet peuvent uniquement acc\u00e9der aux cookies qu\u2019ils ont stock\u00e9s sur votre ordinateur   <\/p>\n\n\n\n<p>Le site Internet utilisent des cookies aux fins suivantes :  <\/p>\n\n\n\n<p><strong>Usage du site :<\/strong>&nbsp;pour nous aider \u00e0 reconna\u00eetre votre navigateur   comme celui d\u2019un visiteur pr\u00e9c\u00e9dent et pour enregistrer les pr\u00e9f\u00e9rences que   vous avez d\u00e9termin\u00e9es lors de votre pr\u00e9c\u00e9dente visite sur le site. Par   exemple, nous pouvons enregistrer vos informations de connexion de sorte que   vous n\u2019ayez pas \u00e0 vous connecter \u00e0 chaque fois que vous visitez le site ;   <\/p>\n\n\n\n<p><strong>R\u00e9seaux sociaux :<\/strong>&nbsp;pour v\u00e9rifier si vous \u00eates connect\u00e9s \u00e0 des services tiers ;   <\/p>\n\n\n\n<p><strong>Ciblage :<\/strong>&nbsp;pour nous permettre de cibler (emailing,   enrichissement de base) \u00e0 post\u00e9riori ou en temps r\u00e9el l\u2019internaute qui   navigue sur le site ;   <\/p>\n\n\n\n<p><strong>Mesure d\u2019audience :&nbsp;<\/strong>pour suivre les donn\u00e9es statistiques de fr\u00e9quentation du site (soit l\u2019utilisation faite   du site par les utilisateurs et pour am\u00e9liorer les services du site) et pour   nous aider \u00e0 mesurer et \u00e9tudier l\u2019efficacit\u00e9 de notre contenu interactif en   ligne, de ses caract\u00e9ristiques, publicit\u00e9s et autres communications. <\/p>\n\n\n\n<p>Vous avez le choix de configurer votre navigateur pour accepter tous les   cookies, rejeter tous les cookies, vous informer quand un cookie est \u00e9mis, sa   dur\u00e9e de validit\u00e9 et son contenu, ainsi que vous permettre de refuser son   enregistrement dans votre terminal, et supprimer vos cookies p\u00e9riodiquement. <\/p>\n\n\n\n<p>Si vous souhaitez modifier le mode d\u2019utilisation des cookies d\u2019un   navigateur, notamment le blocage ou la suppression des cookies du site, vous   pouvez modifier les param\u00e8tres du navigateur.   <\/p>\n\n\n\n<p>Pour contr\u00f4ler les cookies, la plupart des navigateurs vous permettent   d\u2019accepter ou de rejeter tous les cookies, de n\u2019accepter que certains types   de cookies ou vous pose la question chaque fois qu\u2019un site souhaite   enregistrer un cookie. Il est \u00e9galement facile de supprimer les cookies qui   ont \u00e9t\u00e9 enregistr\u00e9s sur votre ordinateur par un navigateur.   <\/p>\n\n\n\n<p>Les processus de contr\u00f4le et de suppression des cookies varient en   fonction du navigateur que vous utilisez. Pour conna\u00eetre la marche \u00e0 suivre   lorsque vous utilisez un navigateur particulier, le plus simple est d&rsquo;utiliser la fonction Aide du navigateur&nbsp;   <\/p>\n\n\n\n<p>L\u2019adresse&nbsp;website <a class=\"\" href=\"https:\/\/classic42.be\">classic42.be<\/a>&nbsp;est la propri\u00e9taire intellectuelle de la soci\u00e9t\u00e9 Classic 42 qui d\u00e9tient les droits d\u2019usage sur tous les \u00e9l\u00e9ments accessibles sur le site internet : textes (descriptions des&nbsp;v\u00e9hicules), photos,&nbsp;pictogrammes.&nbsp;Est interdit : reproduction, modification, publication, de tout ou partie des \u00e9l\u00e9ments du site, sauf si une autorisation \u00e9crite a \u00e9t\u00e9 faite aupr\u00e8s de Classic 42.<\/p>\n\n\n\n<p>Le droit belge est d&rsquo;application sur le present site. En cas de litige, seuls les tribunaux de Bruxelles sont comp\u00e9tents.<\/p>\n\n\n\n<h2 class=\"wp-block-heading\"><strong>Classic 42<\/strong><\/h2>\n\n\n\n<ul class=\"wp-block-list\"><li>Soci\u00e9t\u00e9 priv\u00e9e \u00e0 responsabilit\u00e9 limit\u00e9e cr\u00e9e le 11\/04\/2019 au capital de 190.000\u20ac<\/li><li>TVA&nbsp;: 0724 790 433&nbsp;<\/li><li>G\u00e9rant : Bosseler Pierre<\/li><li>Si\u00e8ge Social :&nbsp;Rue des Trois Ponts, 17 &#8211;&nbsp;1160 Auderghem &#8211; Belgique<\/li><li>Compte bancaire&nbsp;BNP Paribas Fortis : IBAN&nbsp;BE63001862245608 &#8211;      BIC&nbsp;GEBABEBB<\/li><li>Tel : 0032 477 51 29 41<\/li><li>Adresse mail : <a href=\"mailto:p.bosseler@classic.42.be\">p.bosseler@classic42.be<\/a><\/li><\/ul>\n","protected":false},"excerpt":{"rendered":"<p>En utilisant ce site, vous consentez \u00e0 l\u2019utilisation des cookies. Les cookies sont de petites quantit\u00e9s d\u2019informations stock\u00e9es dans des fichiers au sein m\u00eame du navigateur de votre ordinateur. Ils sont accessibles et enregistr\u00e9s par les sites internet que vous consultez, et par les soci\u00e9t\u00e9s qui affichent leurs annonces publicitaires sur des sites internet, pour [&hellip;]<\/p>\n","protected":false},"author":1,"featured_media":0,"parent":0,"menu_order":0,"comment_status":"closed","ping_status":"closed","template":"","meta":{"_acf_changed":false,"_seopress_robots_primary_cat":"","_seopress_titles_title":" %%post_title%% %%sep%% %%sitetitle%%","_seopress_titles_desc":"En utilisant ce site, vous consentez \u00e0 l\u2019utilisation des cookies. ","_seopress_robots_index":"","footnotes":""},"class_list":["post-74","page","type-page","status-publish","hentry"],"acf":[],"_links":{"self":[{"href":"https:\/\/classic42.be\/fr\/wp-json\/wp\/v2\/pages\/74","targetHints":{"allow":["GET"]}}],"collection":[{"href":"https:\/\/classic42.be\/fr\/wp-json\/wp\/v2\/pages"}],"about":[{"href":"https:\/\/classic42.be\/fr\/wp-json\/wp\/v2\/types\/page"}],"author":[{"embeddable":true,"href":"https:\/\/classic42.be\/fr\/wp-json\/wp\/v2\/users\/1"}],"replies":[{"embeddable":true,"href":"https:\/\/classic42.be\/fr\/wp-json\/wp\/v2\/comments?post=74"}],"version-history":[{"count":0,"href":"https:\/\/classic42.be\/fr\/wp-json\/wp\/v2\/pages\/74\/revisions"}],"wp:attachment":[{"href":"https:\/\/classic42.be\/fr\/wp-json\/wp\/v2\/media?parent=74"}],"curies":[{"name":"wp","href":"https:\/\/api.w.org\/{rel}","templated":true}]}}