{"id":72,"date":"2019-07-03T14:37:56","date_gmt":"2019-07-03T14:37:56","guid":{"rendered":"http:\/\/classic42.dev.shake.be\/?page_id=72"},"modified":"2024-06-10T00:50:35","modified_gmt":"2024-06-10T00:50:35","slug":"nous-contacter","status":"publish","type":"page","link":"https:\/\/classic42.be\/fr\/nous-contacter\/","title":{"rendered":"Contact"},"content":{"rendered":"","protected":false},"excerpt":{"rendered":"","protected":false},"author":1,"featured_media":0,"parent":0,"menu_order":0,"comment_status":"closed","ping_status":"closed","template":"page-contact.php","meta":{"_acf_changed":false,"_seopress_robots_primary_cat":"","_seopress_titles_title":"Contactez-nous | Voitures Classiques Belgique | Classic 42","_seopress_titles_desc":"Nous sommes situ\u00e9s Avenue G\u00e9n\u00e9ral M\u00e9decin Derache 122, 1050 Ixelles Tel: +32 2 675 20 25 Mob: +32 477 51 29 41 Email: p.bosseler@classic42.be","_seopress_robots_index":"","footnotes":""},"class_list":["post-72","page","type-page","status-publish","hentry"],"acf":[],"_links":{"self":[{"href":"https:\/\/classic42.be\/fr\/wp-json\/wp\/v2\/pages\/72","targetHints":{"allow":["GET"]}}],"collection":[{"href":"https:\/\/classic42.be\/fr\/wp-json\/wp\/v2\/pages"}],"about":[{"href":"https:\/\/classic42.be\/fr\/wp-json\/wp\/v2\/types\/page"}],"author":[{"embeddable":true,"href":"https:\/\/classic42.be\/fr\/wp-json\/wp\/v2\/users\/1"}],"replies":[{"embeddable":true,"href":"https:\/\/classic42.be\/fr\/wp-json\/wp\/v2\/comments?post=72"}],"version-history":[{"count":31,"href":"https:\/\/classic42.be\/fr\/wp-json\/wp\/v2\/pages\/72\/revisions"}],"predecessor-version":[{"id":9653,"href":"https:\/\/classic42.be\/fr\/wp-json\/wp\/v2\/pages\/72\/revisions\/9653"}],"wp:attachment":[{"href":"https:\/\/classic42.be\/fr\/wp-json\/wp\/v2\/media?parent=72"}],"curies":[{"name":"wp","href":"https:\/\/api.w.org\/{rel}","templated":true}]}}